{"id":94,"date":"2008-08-12T17:52:45","date_gmt":"2008-08-12T15:52:45","guid":{"rendered":"http:\/\/blog.idethloff.de\/wordpress\/?page_id=94"},"modified":"2018-05-20T14:29:39","modified_gmt":"2018-05-20T12:29:39","slug":"medienprojekt","status":"publish","type":"page","link":"https:\/\/blog.idethloff.de\/wordpress\/?page_id=94","title":{"rendered":"Medienprojekt SprLab-MA (2008)"},"content":{"rendered":"<p>Viele meiner Blogeintr\u00e4ge sind dem Thema Medienprojekt gewidmet, das im Juli 2007 begonnen hat. Das Medienprojekt wurde von mir im Rahmen meines Master-Studiums &#8222;Educational Media&#8220; an der Universit\u00e4t Duisburg-Essen durchgef\u00fchrt.<\/p>\n<p><strong>Teil I<\/strong><\/p>\n<p><strong>Konzeption WBT-Basisschulung Multimedia-Sprachlabor<\/strong>: Expos\u00e9, Marktanalyse, Zielgruppenanalyse, Lehr-\/Lernzielbestimmung, Inhalte, Lehr-\/Lernstrategie und Betreuungskonzept, Medienauswahl, Produktionsplan\/Zeitplan, Kalkulation<\/p>\n<p><strong>Teil II<\/strong><\/p>\n<p><strong>Pflichtenheft, Drebuch, Prototyp, Evaluation<\/strong><\/p>\n<ul>\n<li>Zum <strong>Prototyp<\/strong> (Stand 30.4.08) eines Sprachlabor-Tutorials f\u00fcr die UB Mannheim: <a title=\"Prototyp Medienprojekt SprLab-MA\" href=\"https:\/\/www.idethloff.de\/medienprojekt\/sprlab\/start.htm\" target=\"_blank\" rel=\"noopener\">https:\/\/www.idethloff.de\/medienprojekt\/sprlab\/start.htm<\/a><\/li>\n<\/ul>\n<ul>\n<li><a title=\"Zum Prototyp Medienprojekt SprLab-MA\" href=\"https:\/\/www.idethloff.de\/medienprojekt\/sprlab\/start.htm\" target=\"_blank\" rel=\"noopener\"><img loading=\"lazy\" decoding=\"async\" style=\"border: 2px solid black; margin: 5px; vertical-align: baseline;\" src=\"https:\/\/www.idethloff.de\/images\/moodle-sprlab_20.gif\" alt=\"zum Prototyp SprLab-MA\" width=\"253\" height=\"173\" \/><\/a><\/li>\n<\/ul>\n<p><strong>Vortrag auf dem eDay, Universit\u00e4t Duisburg-Essen<\/strong><\/p>\n<p>Am 16. August 2008 wurden die Medienprojekte auf dem eDay vorgestellt.<\/p>\n<p>&nbsp;<\/p>\n","protected":false},"excerpt":{"rendered":"<p>Viele meiner Blogeintr\u00e4ge sind dem Thema Medienprojekt gewidmet, das im Juli 2007 begonnen hat. Das Medienprojekt wurde von mir im Rahmen meines Master-Studiums &#8222;Educational Media&#8220; an der Universit\u00e4t Duisburg-Essen durchgef\u00fchrt. Teil I Konzeption WBT-Basisschulung Multimedia-Sprachlabor: Expos\u00e9, Marktanalyse, Zielgruppenanalyse, Lehr-\/Lernzielbestimmung, Inhalte, Lehr-\/Lernstrategie und Betreuungskonzept, Medienauswahl, Produktionsplan\/Zeitplan, Kalkulation Teil II Pflichtenheft, Drebuch, Prototyp, Evaluation Zum Prototyp (Stand &hellip; <\/p>\n<p class=\"link-more\"><a href=\"https:\/\/blog.idethloff.de\/wordpress\/?page_id=94\" class=\"more-link\"><span class=\"screen-reader-text\">\u201eMedienprojekt SprLab-MA (2008)\u201c <\/span>weiterlesen<\/a><\/p>\n","protected":false},"author":1,"featured_media":0,"parent":0,"menu_order":0,"comment_status":"closed","ping_status":"closed","template":"","meta":{"footnotes":""},"class_list":["post-94","page","type-page","status-publish","hentry"],"_links":{"self":[{"href":"https:\/\/blog.idethloff.de\/wordpress\/index.php?rest_route=\/wp\/v2\/pages\/94","targetHints":{"allow":["GET"]}}],"collection":[{"href":"https:\/\/blog.idethloff.de\/wordpress\/index.php?rest_route=\/wp\/v2\/pages"}],"about":[{"href":"https:\/\/blog.idethloff.de\/wordpress\/index.php?rest_route=\/wp\/v2\/types\/page"}],"author":[{"embeddable":true,"href":"https:\/\/blog.idethloff.de\/wordpress\/index.php?rest_route=\/wp\/v2\/users\/1"}],"replies":[{"embeddable":true,"href":"https:\/\/blog.idethloff.de\/wordpress\/index.php?rest_route=%2Fwp%2Fv2%2Fcomments&post=94"}],"version-history":[{"count":6,"href":"https:\/\/blog.idethloff.de\/wordpress\/index.php?rest_route=\/wp\/v2\/pages\/94\/revisions"}],"predecessor-version":[{"id":2052,"href":"https:\/\/blog.idethloff.de\/wordpress\/index.php?rest_route=\/wp\/v2\/pages\/94\/revisions\/2052"}],"wp:attachment":[{"href":"https:\/\/blog.idethloff.de\/wordpress\/index.php?rest_route=%2Fwp%2Fv2%2Fmedia&parent=94"}],"curies":[{"name":"wp","href":"https:\/\/api.w.org\/{rel}","templated":true}]}}